{"id":2,"date":"2025-09-06T13:48:23","date_gmt":"2025-09-06T11:48:23","guid":{"rendered":"https:\/\/detox-seminar.de\/cms\/?page_id=2"},"modified":"2025-11-05T21:23:05","modified_gmt":"2025-11-05T20:23:05","slug":"startseite-2","status":"publish","type":"page","link":"https:\/\/rwberatung.de\/cms_wp\/","title":{"rendered":"Startseite"},"content":{"rendered":"\n<div class=\"wp-block-cover alignfull is-light\" style=\"min-height:800px;aspect-ratio:unset;\"><img loading=\"lazy\" decoding=\"async\" width=\"2560\" height=\"1709\" class=\"wp-block-cover__image-background wp-image-17 size-full\" alt=\"\" src=\"https:\/\/rwberatung.de\/cms_wp\/wp-content\/uploads\/2025\/11\/start-header-scaled.jpg\" data-object-fit=\"cover\" srcset=\"https:\/\/rwberatung.de\/cms_wp\/wp-content\/uploads\/2025\/11\/start-header-scaled.jpg 2560w, https:\/\/rwberatung.de\/cms_wp\/wp-content\/uploads\/2025\/11\/start-header-300x200.jpg 300w, https:\/\/rwberatung.de\/cms_wp\/wp-content\/uploads\/2025\/11\/start-header-1024x684.jpg 1024w, https:\/\/rwberatung.de\/cms_wp\/wp-content\/uploads\/2025\/11\/start-header-768x513.jpg 768w, https:\/\/rwberatung.de\/cms_wp\/wp-content\/uploads\/2025\/11\/start-header-1536x1026.jpg 1536w, https:\/\/rwberatung.de\/cms_wp\/wp-content\/uploads\/2025\/11\/start-header-2048x1368.jpg 2048w\" sizes=\"auto, (max-width: 2560px) 100vw, 2560px\" \/><span aria-hidden=\"true\" class=\"wp-block-cover__background has-background-dim-0 has-background-dim\" style=\"background-color:#afadae\"><\/span><div class=\"wp-block-cover__inner-container has-global-padding is-layout-constrained wp-block-cover-is-layout-constrained\">\n<div class=\"wp-block-group has-global-padding is-layout-constrained wp-block-group-is-layout-constrained\">\n<p class=\"has-text-align-center textbox-transparent-titel1 has-border-color has-accent-border-color has-base-color has-accent-background-color has-text-color has-background has-link-color has-large-font-size wp-elements-fc17cc7a4d6526209cbfb64f23d86afa\" style=\"border-width:2px;border-radius:8px;padding-top:var(--wp--preset--spacing--10);padding-right:var(--wp--preset--spacing--10);padding-bottom:var(--wp--preset--spacing--10);padding-left:var(--wp--preset--spacing--10);font-style:normal;font-weight:700\">Professionelle Projektsteuerung und Datenschutz mit Fokus auf die Gesundheitsbranche und Ausbildungsinstitute.<\/p>\n<\/div>\n<\/div><\/div>\n\n\n\n<h2 class=\"wp-block-heading alignfull has-text-align-center has-base-2-color has-contrast-3-background-color has-text-color has-background has-link-color wp-elements-7445a9871b07d37613bc5320687ad706\">Folgende Leistungen k\u00f6nnen Sie bei uns erhalten:<\/h2>\n\n\n\n<div class=\"wp-block-group alignwide seminar-options-block has-global-padding is-layout-constrained wp-block-group-is-layout-constrained\">\n<div class=\"wp-block-columns alignwide is-layout-flex wp-container-core-columns-is-layout-28f84493 wp-block-columns-is-layout-flex\">\n<div class=\"wp-block-column option-box is-layout-flow wp-block-column-is-layout-flow\">\n<figure class=\"wp-block-image size-full\"><img loading=\"lazy\" decoding=\"async\" width=\"400\" height=\"267\" src=\"https:\/\/rwberatung.de\/cms_wp\/wp-content\/uploads\/2025\/11\/start-datenschutz.jpeg\" alt=\"\" class=\"wp-image-16\" srcset=\"https:\/\/rwberatung.de\/cms_wp\/wp-content\/uploads\/2025\/11\/start-datenschutz.jpeg 400w, https:\/\/rwberatung.de\/cms_wp\/wp-content\/uploads\/2025\/11\/start-datenschutz-300x200.jpeg 300w\" sizes=\"auto, (max-width: 400px) 100vw, 400px\" \/><\/figure>\n\n\n\n<p><strong>Datenschutz<\/strong><\/p>\n\n\n\n<p>Ihr Ansprechpartner rund um die DSGVO und BDSG unsere Kunden erhalten Zugriff zu Nextcloud und Moodle.<\/p>\n<\/div>\n\n\n\n<div class=\"wp-block-column option-box is-layout-flow wp-block-column-is-layout-flow\">\n<figure class=\"wp-block-image size-full\"><img loading=\"lazy\" decoding=\"async\" width=\"400\" height=\"267\" src=\"https:\/\/rwberatung.de\/cms_wp\/wp-content\/uploads\/2025\/11\/start-qualitaet.jpg\" alt=\"\" class=\"wp-image-20\" srcset=\"https:\/\/rwberatung.de\/cms_wp\/wp-content\/uploads\/2025\/11\/start-qualitaet.jpg 400w, https:\/\/rwberatung.de\/cms_wp\/wp-content\/uploads\/2025\/11\/start-qualitaet-300x200.jpg 300w\" sizes=\"auto, (max-width: 400px) 100vw, 400px\" \/><\/figure>\n\n\n\n<p><strong>Qualit\u00e4tsmanagement<\/strong><\/p>\n\n\n\n<p>Qualit\u00e4tsmanagement ist mehr als ein Handbuch. Gestalten wir gemeinsam effektive Prozesse &amp; Vorlagen.<\/p>\n<\/div>\n\n\n\n<div class=\"wp-block-column option-box is-layout-flow wp-block-column-is-layout-flow\">\n<figure class=\"wp-block-image size-full\"><img loading=\"lazy\" decoding=\"async\" width=\"400\" height=\"267\" src=\"https:\/\/rwberatung.de\/cms_wp\/wp-content\/uploads\/2025\/11\/start-projekt.jpg\" alt=\"\" class=\"wp-image-19\" srcset=\"https:\/\/rwberatung.de\/cms_wp\/wp-content\/uploads\/2025\/11\/start-projekt.jpg 400w, https:\/\/rwberatung.de\/cms_wp\/wp-content\/uploads\/2025\/11\/start-projekt-300x200.jpg 300w\" sizes=\"auto, (max-width: 400px) 100vw, 400px\" \/><\/figure>\n\n\n\n<p><strong>Projektmanagement<\/strong><\/p>\n\n\n\n<p>Projektmanagement von klein bis gro\u00df. Im Tagesgesch\u00e4ft \u00fcberlassen Sie die Projektleitung mir und lassen Ihr Projekt steuern.<\/p>\n<\/div>\n<\/div>\n<\/div>\n\n\n\n<div class=\"wp-block-columns alignwide is-layout-flex wp-container-core-columns-is-layout-28f84493 wp-block-columns-is-layout-flex\">\n<div class=\"wp-block-column option-box is-layout-flow wp-block-column-is-layout-flow\">\n<figure class=\"wp-block-image size-full\"><img loading=\"lazy\" decoding=\"async\" width=\"400\" height=\"267\" src=\"https:\/\/rwberatung.de\/cms_wp\/wp-content\/uploads\/2025\/11\/start-crm.jpg\" alt=\"\" class=\"wp-image-15\" srcset=\"https:\/\/rwberatung.de\/cms_wp\/wp-content\/uploads\/2025\/11\/start-crm.jpg 400w, https:\/\/rwberatung.de\/cms_wp\/wp-content\/uploads\/2025\/11\/start-crm-300x200.jpg 300w\" sizes=\"auto, (max-width: 400px) 100vw, 400px\" \/><\/figure>\n\n\n\n<p><strong>Adressverwaltung \/ CRM System<\/strong> (RWEDV)<\/p>\n\n\n\n<p>Ein CRM-System, das sowohl umfassend als auch \u00fcbersichtlich ist, mit der M\u00f6glichkeit zur \u00dcbertragung in Word und Synchronisation mit Outlook.<\/p>\n<\/div>\n\n\n\n<div class=\"wp-block-column option-box is-layout-flow wp-block-column-is-layout-flow\">\n<figure class=\"wp-block-image size-full\"><img loading=\"lazy\" decoding=\"async\" width=\"400\" height=\"267\" src=\"https:\/\/rwberatung.de\/cms_wp\/wp-content\/uploads\/2025\/11\/start-crm.jpg\" alt=\"\" class=\"wp-image-15\" srcset=\"https:\/\/rwberatung.de\/cms_wp\/wp-content\/uploads\/2025\/11\/start-crm.jpg 400w, https:\/\/rwberatung.de\/cms_wp\/wp-content\/uploads\/2025\/11\/start-crm-300x200.jpg 300w\" sizes=\"auto, (max-width: 400px) 100vw, 400px\" \/><\/figure>\n\n\n\n<p><strong>CRM f\u00fcr Aus- und Weiterbildung<\/strong> (RWEDV)<\/p>\n\n\n\n<p>Erstellen Sie Ihren Lehrplan mit Zuordnung der Dozenten, Laufzettel f\u00fcr Teilnehmer, Vertragserstellung \u00fcber unsere Software.<\/p>\n<\/div>\n\n\n\n<div class=\"wp-block-column option-box is-layout-flow wp-block-column-is-layout-flow\">\n<figure class=\"wp-block-image size-full\"><img loading=\"lazy\" decoding=\"async\" width=\"400\" height=\"267\" src=\"https:\/\/rwberatung.de\/cms_wp\/wp-content\/uploads\/2025\/11\/start-aufnahme.jpg\" alt=\"\" class=\"wp-image-14\" srcset=\"https:\/\/rwberatung.de\/cms_wp\/wp-content\/uploads\/2025\/11\/start-aufnahme.jpg 400w, https:\/\/rwberatung.de\/cms_wp\/wp-content\/uploads\/2025\/11\/start-aufnahme-300x200.jpg 300w\" sizes=\"auto, (max-width: 400px) 100vw, 400px\" \/><\/figure>\n\n\n\n<p><strong>Aufnahme einer Therapiesitzung<\/strong> (RWEDV)<\/p>\n\n\n\n<p>Erstellen Sie DSGVO konforme Aufzeichnungen von Therapien um sie dem Supervisierenden vorzuf\u00fchren<br>(Desktop\/Notebook\/Tablet\/Smartphone).<\/p>\n<\/div>\n<\/div>\n\n\n\n<div class=\"wp-block-group alignfull has-base-color has-contrast-3-background-color has-text-color has-background has-link-color wp-elements-401aa9b4b563b71a5c4c011fce8035da has-global-padding is-layout-constrained wp-block-group-is-layout-constrained\" style=\"padding-top:var(--wp--preset--spacing--10);padding-bottom:var(--wp--preset--spacing--10)\">\n<h5 class=\"wp-block-heading alignwide has-text-align-center has-base-color has-text-color has-link-color wp-elements-ac36b8f52cd932db7fb79ebd63b28f9f\"><strong>Wir legen gro\u00dfen Wert auf pers\u00f6nliche Beratung und individuelle L\u00f6sungen.<br>Da jedes Unternehmen im Gesundheitswesen eigene Anforderungen und Rahmenbedingungen hat, finden Sie auf unserer Webseite nur ausgew\u00e4hlte Informationen zu unseren Leistungen. Uns ist wichtig, Ihre Situation genau zu verstehen, bevor wir konkrete Empfehlungen oder Angebote machen.<\/strong><\/h5>\n\n\n\n<div class=\"wp-block-columns alignwide is-layout-flex wp-container-core-columns-is-layout-28f84493 wp-block-columns-is-layout-flex\">\n<div class=\"wp-block-column is-layout-flow wp-block-column-is-layout-flow\">\n<p class=\"has-text-align-center\">Wenn Sie mehr erfahren m\u00f6chten oder ein passendes Konzept f\u00fcr Ihre Einrichtung w\u00fcnschen, nutzen Sie bitte unser Kontaktformular.<br>Wir melden uns zeitnah bei Ihnen, um Ihre Anforderungen pers\u00f6nlich zu besprechen und gemeinsam die beste L\u00f6sung zu finden.<\/p>\n<\/div>\n<\/div>\n<\/div>\n\n\n\n<div class=\"wp-block-group alignwide has-global-padding is-layout-constrained wp-block-group-is-layout-constrained\">\n<h2 class=\"wp-block-heading alignwide has-text-align-center\">Nehmen Sie jetzt Kontakt auf:<\/h2>\n\n\n\n<div class=\"wp-block-columns alignwide is-layout-flex wp-container-core-columns-is-layout-28f84493 wp-block-columns-is-layout-flex\">\n<div class=\"wp-block-column is-layout-flow wp-block-column-is-layout-flow\">\n<p class=\"has-text-align-center\">Rufen Sie uns an unter <a href=\"tel:+4972429346564\">07242-9346567<\/a>. Unser AB steht 24 Stunden zur Verf\u00fcgung, oder Sie senden eine E-Mail an <a href=\"mailto:info@rwberatung.de\">info@rwberatung.de<\/a>.<\/p>\n<\/div>\n<\/div>\n\n\n\n<div class=\"wp-block-columns alignwide is-layout-flex wp-container-core-columns-is-layout-28f84493 wp-block-columns-is-layout-flex\">\n<div class=\"wp-block-column is-layout-flow wp-block-column-is-layout-flow\"><style id=\"wpforms-css-vars-39-block-d64778fd-4219-45e8-a5f9-17b1e1f531e9\">\n\t\t\t\t#wpforms-39.wpforms-block-d64778fd-4219-45e8-a5f9-17b1e1f531e9 {\n\t\t\t\t--wpforms-field-size-input-height: 43px;\n--wpforms-field-size-input-spacing: 15px;\n--wpforms-field-size-font-size: 16px;\n--wpforms-field-size-line-height: 19px;\n--wpforms-field-size-padding-h: 14px;\n--wpforms-field-size-checkbox-size: 16px;\n--wpforms-field-size-sublabel-spacing: 5px;\n--wpforms-field-size-icon-size: 1;\n--wpforms-label-size-font-size: 16px;\n--wpforms-label-size-line-height: 19px;\n--wpforms-label-size-sublabel-font-size: 14px;\n--wpforms-label-size-sublabel-line-height: 17px;\n--wpforms-button-size-font-size: 17px;\n--wpforms-button-size-height: 41px;\n--wpforms-button-size-padding-h: 15px;\n--wpforms-button-size-margin-top: 10px;\n\t\t\t}\n\t\t\t<\/style><div class=\"wpforms-container wpforms-container-full wpforms-block wpforms-block-d64778fd-4219-45e8-a5f9-17b1e1f531e9 wpforms-render-modern\" id=\"wpforms-39\"><form id=\"wpforms-form-39\" class=\"wpforms-validate wpforms-form wpforms-ajax-form\" data-formid=\"39\" method=\"post\" enctype=\"multipart\/form-data\" action=\"\/cms_wp\/wp-json\/wp\/v2\/pages\/2\" data-token=\"ae5e8448ea6854a5d52d2f231a92578d\" data-token-time=\"1777529467\"><noscript class=\"wpforms-error-noscript\">Bitte aktiviere JavaScript in deinem Browser, um dieses Formular fertigzustellen.<\/noscript><div id=\"wpforms-error-noscript\" style=\"display: none;\">Bitte aktiviere JavaScript in deinem Browser, um dieses Formular fertigzustellen.<\/div><div class=\"wpforms-field-container\">\t\t<div id=\"wpforms-39-field_5-container\"\n\t\t\tclass=\"wpforms-field wpforms-field-text\"\n\t\t\tdata-field-type=\"text\"\n\t\t\tdata-field-id=\"5\"\n\t\t\t>\n\t\t\t<label class=\"wpforms-field-label\" for=\"wpforms-39-field_5\" >welchen Name F\u00fcr<\/label>\n\t\t\t<input type=\"text\" id=\"wpforms-39-field_5\" class=\"wpforms-field-medium\" name=\"wpforms[fields][5]\" >\n\t\t<\/div>\n\t\t<div id=\"wpforms-39-field_1-container\" class=\"wpforms-field wpforms-field-name\" data-field-id=\"1\"><fieldset><legend class=\"wpforms-field-label\">Name <span class=\"wpforms-required-label\" aria-hidden=\"true\">*<\/span><\/legend><div class=\"wpforms-field-row wpforms-field-medium\"><div class=\"wpforms-field-row-block wpforms-first wpforms-one-half\"><input type=\"text\" id=\"wpforms-39-field_1\" class=\"wpforms-field-name-first wpforms-field-required\" name=\"wpforms[fields][1][first]\" aria-errormessage=\"wpforms-39-field_1-error\" required><label for=\"wpforms-39-field_1\" class=\"wpforms-field-sublabel after\">Vorname<\/label><\/div><div class=\"wpforms-field-row-block wpforms-one-half\"><input type=\"text\" id=\"wpforms-39-field_1-last\" class=\"wpforms-field-name-last wpforms-field-required\" name=\"wpforms[fields][1][last]\" aria-errormessage=\"wpforms-39-field_1-last-error\" required><label for=\"wpforms-39-field_1-last\" class=\"wpforms-field-sublabel after\">Nachname<\/label><\/div><\/div><\/fieldset><\/div><div id=\"wpforms-39-field_2-container\" class=\"wpforms-field wpforms-field-email\" data-field-id=\"2\"><label class=\"wpforms-field-label\" for=\"wpforms-39-field_2\">E-Mail-Adresse <span class=\"wpforms-required-label\" aria-hidden=\"true\">*<\/span><\/label><input type=\"email\" id=\"wpforms-39-field_2\" class=\"wpforms-field-medium wpforms-field-required\" name=\"wpforms[fields][2]\" spellcheck=\"false\" aria-errormessage=\"wpforms-39-field_2-error\" required><\/div><div id=\"wpforms-39-field_4-container\" class=\"wpforms-field wpforms-field-select wpforms-field-select-style-classic\" data-field-id=\"4\"><label class=\"wpforms-field-label\" for=\"wpforms-39-field_4\">F\u00fcr welchen Bereich interessieren Sie sich?<\/label><select id=\"wpforms-39-field_4\" class=\"wpforms-field-medium\" name=\"wpforms[fields][4]\"><option value=\"Datenschutz\"  class=\"choice-1 depth-1\"  >Datenschutz<\/option><option value=\"Qualit\u00e4tsmanagement\"  class=\"choice-2 depth-1\"  >Qualit\u00e4tsmanagement<\/option><option value=\"Projektmanagement\"  class=\"choice-3 depth-1\"  >Projektmanagement<\/option><option value=\"Adressverwaltung \/ CRM System (RWCRM)\"  class=\"choice-4 depth-1\"  >Adressverwaltung \/ CRM System (RWCRM)<\/option><option value=\"CRM f\u00fcr Aus- und Weiterbildung (RWCRM)\"  class=\"choice-5 depth-1\"  >CRM f\u00fcr Aus- und Weiterbildung (RWCRM)<\/option><option value=\"Aufnahme einer Therapiesitzung (RWCRM)\"  class=\"choice-6 depth-1\"  >Aufnahme einer Therapiesitzung (RWCRM)<\/option><option value=\"Mehrere\"  class=\"choice-7 depth-1\"  >Mehrere<\/option><\/select><\/div><div id=\"wpforms-39-field_3-container\" class=\"wpforms-field wpforms-field-textarea\" data-field-id=\"3\"><label class=\"wpforms-field-label\" for=\"wpforms-39-field_3\">Kommentar oder Nachricht <span class=\"wpforms-required-label\" aria-hidden=\"true\">*<\/span><\/label><textarea id=\"wpforms-39-field_3\" class=\"wpforms-field-medium wpforms-field-required\" name=\"wpforms[fields][3]\" aria-errormessage=\"wpforms-39-field_3-error\" required><\/textarea><\/div><div id=\"wpforms-39-field_6-container\" class=\"wpforms-field wpforms-field-gdpr-checkbox\" data-field-id=\"6\"><label class=\"wpforms-field-label\">DSGVO-Einverst\u00e4ndnis <span class=\"wpforms-required-label\" aria-hidden=\"true\">*<\/span><\/label><ul id=\"wpforms-39-field_6\" class=\"wpforms-field-required\"><li class=\"choice-1\"><input type=\"checkbox\" id=\"wpforms-39-field_6_1\" name=\"wpforms[fields][6][]\" value=\"Ich willige ein, dass diese Website meine \u00fcbermittelten Informationen speichert, sodass meine Anfrage beantwortet werden kann und ich die &lt;a href=&quot;https:\/\/rwberatung.de\/cms\/datenschutzerklaerung\/&quot; target=&quot;_blank&quot;&gt;Datenschutzerkl\u00e4rung&lt;\/a&gt; der Webseite zur Kenntnis genommen habe.\" aria-errormessage=\"wpforms-39-field_6_1-error\" required ><label class=\"wpforms-field-label-inline\" for=\"wpforms-39-field_6_1\">Ich willige ein, dass diese Website meine \u00fcbermittelten Informationen speichert, sodass meine Anfrage beantwortet werden kann und ich die <a href=\"https:\/\/rwberatung.de\/cms\/datenschutzerklaerung\/\" target=\"_blank\">Datenschutzerkl\u00e4rung<\/a> der Webseite zur Kenntnis genommen habe.<\/label><\/li><\/ul><\/div><script>\n\t\t\t\t( function() {\n\t\t\t\t\tconst style = document.createElement( 'style' );\n\t\t\t\t\tstyle.appendChild( document.createTextNode( '#wpforms-39-field_5-container { position: absolute !important; overflow: hidden !important; display: inline !important; height: 1px !important; width: 1px !important; z-index: -1000 !important; padding: 0 !important; } #wpforms-39-field_5-container input { visibility: hidden; } #wpforms-conversational-form-page #wpforms-39-field_5-container label { counter-increment: none; }' ) );\n\t\t\t\t\tdocument.head.appendChild( style );\n\t\t\t\t\tdocument.currentScript?.remove();\n\t\t\t\t} )();\n\t\t\t<\/script><\/div><!-- .wpforms-field-container --><div class=\"wpforms-submit-container\" ><input type=\"hidden\" name=\"wpforms[id]\" value=\"39\"><input type=\"hidden\" name=\"page_title\" value=\"\"><input type=\"hidden\" name=\"page_url\" value=\"https:\/\/rwberatung.de\/cms_wp\/wp-json\/wp\/v2\/pages\/2\"><input type=\"hidden\" name=\"url_referer\" value=\"\"><button type=\"submit\" name=\"wpforms[submit]\" id=\"wpforms-submit-39\" class=\"wpforms-submit\" data-alt-text=\"Wird gesendet\u00a0\u2026\" data-submit-text=\"Absenden\" aria-live=\"assertive\" value=\"wpforms-submit\">Absenden<\/button><img loading=\"lazy\" decoding=\"async\" src=\"https:\/\/rwberatung.de\/cms_wp\/wp-content\/plugins\/wpforms-lite\/assets\/images\/submit-spin.svg\" class=\"wpforms-submit-spinner\" style=\"display: none;\" width=\"26\" height=\"26\" alt=\"Wird geladen\"><\/div><\/form><\/div>  <!-- .wpforms-container --><\/div>\n<\/div>\n<\/div>\n","protected":false},"excerpt":{"rendered":"<p>Folgende Leistungen k\u00f6nnen Sie bei uns erhalten: Datenschutz Ihr Ansprechpartner rund um die DSGVO und BDSG unsere Kunden erhalten Zugriff zu Nextcloud und Moodle. Qualit\u00e4tsmanagement Qualit\u00e4tsmanagement ist mehr als ein Handbuch. Gestalten wir gemeinsam effektive Prozesse &amp; Vorlagen. Projektmanagement Projektmanagement von klein bis gro\u00df. Im Tagesgesch\u00e4ft \u00fcberlassen Sie die Projektleitung mir und lassen Ihr Projekt [&hellip;]<\/p>\n","protected":false},"author":1,"featured_media":0,"parent":0,"menu_order":0,"comment_status":"closed","ping_status":"closed","template":"page-no-title","meta":{"footnotes":""},"class_list":["post-2","page","type-page","status-publish","hentry"],"_links":{"self":[{"href":"https:\/\/rwberatung.de\/cms_wp\/wp-json\/wp\/v2\/pages\/2","targetHints":{"allow":["GET"]}}],"collection":[{"href":"https:\/\/rwberatung.de\/cms_wp\/wp-json\/wp\/v2\/pages"}],"about":[{"href":"https:\/\/rwberatung.de\/cms_wp\/wp-json\/wp\/v2\/types\/page"}],"author":[{"embeddable":true,"href":"https:\/\/rwberatung.de\/cms_wp\/wp-json\/wp\/v2\/users\/1"}],"replies":[{"embeddable":true,"href":"https:\/\/rwberatung.de\/cms_wp\/wp-json\/wp\/v2\/comments?post=2"}],"version-history":[{"count":21,"href":"https:\/\/rwberatung.de\/cms_wp\/wp-json\/wp\/v2\/pages\/2\/revisions"}],"predecessor-version":[{"id":352,"href":"https:\/\/rwberatung.de\/cms_wp\/wp-json\/wp\/v2\/pages\/2\/revisions\/352"}],"wp:attachment":[{"href":"https:\/\/rwberatung.de\/cms_wp\/wp-json\/wp\/v2\/media?parent=2"}],"curies":[{"name":"wp","href":"https:\/\/api.w.org\/{rel}","templated":true}]}}